{"id":52,"date":"2024-10-22T15:55:25","date_gmt":"2024-10-22T15:55:25","guid":{"rendered":"http:\/\/hopeforautism.com.do\/?page_id=52"},"modified":"2026-02-26T19:20:24","modified_gmt":"2026-02-26T19:20:24","slug":"sobre-autismo","status":"publish","type":"page","link":"https:\/\/hopeforautism.com.do\/en\/sobre-autismo\/","title":{"rendered":"About Autism"},"content":{"rendered":"<div data-elementor-type=\"wp-page\" data-elementor-id=\"52\" class=\"elementor elementor-52\" data-elementor-post-type=\"page\">\n\t\t\t\t<div class=\"elementor-element elementor-element-5b1b6a6 e-con-full e-flex e-con e-parent\" data-id=\"5b1b6a6\" data-element_type=\"container\" data-settings=\"{&quot;background_background&quot;:&quot;classic&quot;}\">\n\t\t\t\t<div class=\"elementor-element elementor-element-fb1002f elementor-widget elementor-widget-heading\" data-id=\"fb1002f\" data-element_type=\"widget\" data-widget_type=\"heading.default\">\n\t\t\t\t<div class=\"elementor-widget-container\">\n\t\t\t\t\t<h2 class=\"elementor-heading-title elementor-size-default\">About Autism<\/h2>\t\t\t\t<\/div>\n\t\t\t\t<\/div>\n\t\t\t\t<\/div>\n\t\t<div class=\"elementor-element elementor-element-f60d37f e-flex e-con-boxed e-con e-parent\" data-id=\"f60d37f\" data-element_type=\"container\">\n\t\t\t\t\t<div class=\"e-con-inner\">\n\t\t<div class=\"elementor-element elementor-element-75d979f e-con-full e-flex e-con e-child\" data-id=\"75d979f\" data-element_type=\"container\">\n\t\t\t\t<div class=\"elementor-element elementor-element-73db795 elementor-widget elementor-widget-heading\" data-id=\"73db795\" data-element_type=\"widget\" data-widget_type=\"heading.default\">\n\t\t\t\t<div class=\"elementor-widget-container\">\n\t\t\t\t\t<h2 class=\"elementor-heading-title elementor-size-default\">What is the TEA:<\/h2>\t\t\t\t<\/div>\n\t\t\t\t<\/div>\n\t\t\t\t<div class=\"elementor-element elementor-element-5a8dda5 elementor-widget__width-initial elementor-widget elementor-widget-text-editor\" data-id=\"5a8dda5\" data-element_type=\"widget\" data-widget_type=\"text-editor.default\">\n\t\t\t\t<div class=\"elementor-widget-container\">\n\t\t\t\t\t\t\t\t\tAutism spectrum disorders (ASDS) are a group of different conditions manifested in important social challenges, communication, medical, and behavior. Because autism is a spectrum disorder, the combination of symptoms and their level of severity varies from person to person.\t\t\t\t\t\t\t\t<\/div>\n\t\t\t\t<\/div>\n\t\t\t\t<\/div>\n\t\t<div class=\"elementor-element elementor-element-4b72c3f e-con-full e-flex e-con e-child\" data-id=\"4b72c3f\" data-element_type=\"container\">\n\t\t\t\t<div class=\"elementor-element elementor-element-799b776 elementor-widget elementor-widget-heading\" data-id=\"799b776\" data-element_type=\"widget\" data-widget_type=\"heading.default\">\n\t\t\t\t<div class=\"elementor-widget-container\">\n\t\t\t\t\t<h2 class=\"elementor-heading-title elementor-size-default\">What are the Signs and Symptoms?<\/h2>\t\t\t\t<\/div>\n\t\t\t\t<\/div>\n\t\t\t\t<div class=\"elementor-element elementor-element-d959d1d elementor-widget__width-initial elementor-widget elementor-widget-text-editor\" data-id=\"d959d1d\" data-element_type=\"widget\" data-widget_type=\"text-editor.default\">\n\t\t\t\t<div class=\"elementor-widget-container\">\n\t\t\t\t\t\t\t\t\tThe diagnostic criteria of autism are specific, a person must present the following symptoms to a degree that significantly affects their daily life:\t\t\t\t\t\t\t\t<\/div>\n\t\t\t\t<\/div>\n\t\t\t\t<div class=\"elementor-element elementor-element-812d2da elementor-widget__width-initial elementor-widget elementor-widget-text-editor\" data-id=\"812d2da\" data-element_type=\"widget\" data-widget_type=\"text-editor.default\">\n\t\t\t\t<div class=\"elementor-widget-container\">\n\t\t\t\t\t\t\t\t\t<ul class=\"symptoms-list\">\n \t<li>Difficulty in social interaction (little or no)<\/li>\n \t<li>Difficulties in communication skills<\/li>\n \t<li>Repetitive behaviors\/restricted interests<\/li>\n \t<li>The absence of imaginative play or a symbolic<\/li>\n \t<li>Walk in tips, echolalia, align objects<\/li>\n \t<li>Loss of acquired skills<\/li>\n \t<li>Other features are atypical patterns of behavior; e.g. great attention to details and reactions to unusual sensations. <span class=\"no-bold\">(It is not limited and may not be present all the time)<\/span><\/li>\n<\/ul>\t\t\t\t\t\t\t\t<\/div>\n\t\t\t\t<\/div>\n\t\t\t\t<\/div>\n\t\t<div class=\"elementor-element elementor-element-93e2cca e-con-full e-flex e-con e-child\" data-id=\"93e2cca\" data-element_type=\"container\">\n\t\t\t\t<div class=\"elementor-element elementor-element-c794e7e elementor-widget elementor-widget-heading\" data-id=\"c794e7e\" data-element_type=\"widget\" data-widget_type=\"heading.default\">\n\t\t\t\t<div class=\"elementor-widget-container\">\n\t\t\t\t\t<h2 class=\"elementor-heading-title elementor-size-default\">What to do if you suspect the TEA?<\/h2>\t\t\t\t<\/div>\n\t\t\t\t<\/div>\n\t\t\t\t<div class=\"elementor-element elementor-element-0f551ab elementor-widget__width-initial elementor-widget elementor-widget-text-editor\" data-id=\"0f551ab\" data-element_type=\"widget\" data-widget_type=\"text-editor.default\">\n\t\t\t\t<div class=\"elementor-widget-container\">\n\t\t\t\t\t\t\t\t\t<p>If you have any doubt, do not wait, detects the risk of autism early. The first step is to assess the level of a pediatric neurologist or the family Pediatrician to make their respective evaluation. Before a diagnosis is made, start with a comprehensive approach as soon as possible.<\/p>\t\t\t\t\t\t\t\t<\/div>\n\t\t\t\t<\/div>\n\t\t\t\t<\/div>\n\t\t\t\t\t<\/div>\n\t\t\t\t<\/div>\n\t\t<div class=\"elementor-element elementor-element-13cee32 e-flex e-con-boxed e-con e-parent\" data-id=\"13cee32\" data-element_type=\"container\" data-settings=\"{&quot;background_background&quot;:&quot;classic&quot;}\">\n\t\t\t\t\t<div class=\"e-con-inner\">\n\t\t\t\t<div class=\"elementor-element elementor-element-b204e5c elementor-widget elementor-widget-heading\" data-id=\"b204e5c\" data-element_type=\"widget\" data-widget_type=\"heading.default\">\n\t\t\t\t<div class=\"elementor-widget-container\">\n\t\t\t\t\t<h2 class=\"elementor-heading-title elementor-size-default\">Articles<\/h2>\t\t\t\t<\/div>\n\t\t\t\t<\/div>\n\t\t\t\t<div class=\"elementor-element elementor-element-0a66eed elementor-grid-3 elementor-grid-tablet-3 elementor-grid-mobile-1 elementor-widget elementor-widget-loop-grid\" data-id=\"0a66eed\" data-element_type=\"widget\" data-settings=\"{&quot;template_id&quot;:463,&quot;columns&quot;:3,&quot;pagination_type&quot;:&quot;load_more_on_click&quot;,&quot;columns_tablet&quot;:3,&quot;_skin&quot;:&quot;post&quot;,&quot;columns_mobile&quot;:&quot;1&quot;,&quot;edit_handle_selector&quot;:&quot;[data-elementor-type=\\&quot;loop-item\\&quot;]&quot;,&quot;load_more_spinner&quot;:{&quot;value&quot;:&quot;fas fa-spinner&quot;,&quot;library&quot;:&quot;fa-solid&quot;},&quot;row_gap&quot;:{&quot;unit&quot;:&quot;px&quot;,&quot;size&quot;:&quot;&quot;,&quot;sizes&quot;:[]},&quot;row_gap_tablet&quot;:{&quot;unit&quot;:&quot;px&quot;,&quot;size&quot;:&quot;&quot;,&quot;sizes&quot;:[]},&quot;row_gap_mobile&quot;:{&quot;unit&quot;:&quot;px&quot;,&quot;size&quot;:&quot;&quot;,&quot;sizes&quot;:[]}}\" data-widget_type=\"loop-grid.post\">\n\t\t\t\t<div class=\"elementor-widget-container\">\n\t\t\t\t\t\t\t<div class=\"elementor-loop-container elementor-grid\">\n\t\t<style id=\"loop-463\">.elementor-463 .elementor-element.elementor-element-fc41dbf{--display:flex;--flex-direction:column;--container-widget-width:100%;--container-widget-height:initial;--container-widget-flex-grow:0;--container-widget-align-self:initial;--flex-wrap-mobile:wrap;}.elementor-widget-image .widget-image-caption{color:var( --e-global-color-text );font-family:var( --e-global-typography-text-font-family ), Sans-serif;font-weight:var( --e-global-typography-text-font-weight );}<\/style>\t\t<div data-elementor-type=\"loop-item\" data-elementor-id=\"463\" class=\"elementor elementor-463 e-loop-item e-loop-item-1101 post-1101 articulo type-articulo status-publish hentry\" data-elementor-post-type=\"elementor_library\" data-custom-edit-handle=\"1\">\n\t\t\t<div class=\"elementor-element elementor-element-fc41dbf e-flex e-con-boxed e-con e-parent\" data-id=\"fc41dbf\" data-element_type=\"container\">\n\t\t\t\t\t<div class=\"e-con-inner\">\n\t\t\t\t<div class=\"elementor-element elementor-element-e132a41 elementor-widget elementor-widget-image\" data-id=\"e132a41\" data-element_type=\"widget\" data-widget_type=\"image.default\">\n\t\t\t\t<div class=\"elementor-widget-container\">\n\t\t\t\t\t\t\t\t\t\t\t\t\t\t\t\t<a href=\"https:\/\/hopeforautism.com.do\/en\/articulo\/coexistencia-de-condiciones-medicas-y-conductuales-en-el-trastorno-del-espectro-autista-un-analisis-por-edades\/\">\n\t\t\t\t\t\t\t<img decoding=\"async\" src=\"https:\/\/hopeforautism.com.do\/wp-content\/uploads\/2024\/10\/16.webp\" title=\"\" alt=\"\" loading=\"lazy\" \/>\t\t\t\t\t\t\t\t<\/a>\n\t\t\t\t\t\t\t\t\t\t\t\t\t\t\t<\/div>\n\t\t\t\t<\/div>\n\t\t\t\t\t<\/div>\n\t\t\t\t<\/div>\n\t\t\t\t<\/div>\n\t\t\t\t<div data-elementor-type=\"loop-item\" data-elementor-id=\"463\" class=\"elementor elementor-463 e-loop-item e-loop-item-1100 post-1100 articulo type-articulo status-publish hentry\" data-elementor-post-type=\"elementor_library\" data-custom-edit-handle=\"1\">\n\t\t\t<div class=\"elementor-element elementor-element-fc41dbf e-flex e-con-boxed e-con e-parent\" data-id=\"fc41dbf\" data-element_type=\"container\">\n\t\t\t\t\t<div class=\"e-con-inner\">\n\t\t\t\t<div class=\"elementor-element elementor-element-e132a41 elementor-widget elementor-widget-image\" data-id=\"e132a41\" data-element_type=\"widget\" data-widget_type=\"image.default\">\n\t\t\t\t<div class=\"elementor-widget-container\">\n\t\t\t\t\t\t\t\t\t\t\t\t\t\t\t\t<a href=\"https:\/\/hopeforautism.com.do\/en\/articulo\/problemas-de-sueno-en-ninos-con-trastorno-del-espectro-autista\/\">\n\t\t\t\t\t\t\t<img decoding=\"async\" src=\"https:\/\/hopeforautism.com.do\/wp-content\/uploads\/2024\/11\/17.png\" title=\"\" alt=\"\" loading=\"lazy\" \/>\t\t\t\t\t\t\t\t<\/a>\n\t\t\t\t\t\t\t\t\t\t\t\t\t\t\t<\/div>\n\t\t\t\t<\/div>\n\t\t\t\t\t<\/div>\n\t\t\t\t<\/div>\n\t\t\t\t<\/div>\n\t\t\t\t<div data-elementor-type=\"loop-item\" data-elementor-id=\"463\" class=\"elementor elementor-463 e-loop-item e-loop-item-1095 post-1095 articulo type-articulo status-publish hentry\" data-elementor-post-type=\"elementor_library\" data-custom-edit-handle=\"1\">\n\t\t\t<div class=\"elementor-element elementor-element-fc41dbf e-flex e-con-boxed e-con e-parent\" data-id=\"fc41dbf\" data-element_type=\"container\">\n\t\t\t\t\t<div class=\"e-con-inner\">\n\t\t\t\t<div class=\"elementor-element elementor-element-e132a41 elementor-widget elementor-widget-image\" data-id=\"e132a41\" data-element_type=\"widget\" data-widget_type=\"image.default\">\n\t\t\t\t<div class=\"elementor-widget-container\">\n\t\t\t\t\t\t\t\t\t\t\t\t\t\t\t\t<a href=\"https:\/\/hopeforautism.com.do\/en\/articulo\/avances-en-la-comprension-del-autismo-nuevos-enfoques-sobre-la-encefalopatia-dinamica-y-el-papel-de-las-condiciones-medicas-contribuyentes\/\">\n\t\t\t\t\t\t\t<img decoding=\"async\" src=\"https:\/\/hopeforautism.com.do\/wp-content\/uploads\/2024\/10\/10.webp\" title=\"\" alt=\"\" loading=\"lazy\" \/>\t\t\t\t\t\t\t\t<\/a>\n\t\t\t\t\t\t\t\t\t\t\t\t\t\t\t<\/div>\n\t\t\t\t<\/div>\n\t\t\t\t\t<\/div>\n\t\t\t\t<\/div>\n\t\t\t\t<\/div>\n\t\t\t\t<\/div>\n\t\t\t\t\t<span class=\"e-load-more-spinner\">\n\t\t\t\t<svg aria-hidden=\"true\" class=\"e-font-icon-svg e-fas-spinner\" viewbox=\"0 0 512 512\" xmlns=\"http:\/\/www.w3.org\/2000\/svg\"><path d=\"M304 48c0 26.51-21.49 48-48 48s-48-21.49-48-48 21.49-48 48-48 48 21.49 48 48zm-48 368c-26.51 0-48 21.49-48 48s21.49 48 48 48 48-21.49 48-48-21.49-48-48-48zm208-208c-26.51 0-48 21.49-48 48s21.49 48 48 48 48-21.49 48-48-21.49-48-48-48zM96 256c0-26.51-21.49-48-48-48S0 229.49 0 256s21.49 48 48 48 48-21.49 48-48zm12.922 99.078c-26.51 0-48 21.49-48 48s21.49 48 48 48 48-21.49 48-48c0-26.509-21.491-48-48-48zm294.156 0c-26.51 0-48 21.49-48 48s21.49 48 48 48 48-21.49 48-48c0-26.509-21.49-48-48-48zM108.922 60.922c-26.51 0-48 21.49-48 48s21.49 48 48 48 48-21.49 48-48-21.491-48-48-48z\"><\/path><\/svg>\t\t\t<\/span>\n\t\t\n\t\t\t\t<div class=\"e-load-more-anchor\" data-page=\"1\" data-max-page=\"2\" data-next-page=\"https:\/\/hopeforautism.com.do\/en\/wp-json\/wp\/v2\/pages\/52\/page\/2\/\"><\/div>\n\t\t\t\t<div class=\"e-loop__load-more elementor-button-wrapper\">\n\t\t\t<a href=\"#\" class=\"elementor-button-link elementor-button\" role=\"button\" id=\"leer-mas\">\n\t\t\t\t\t\t<span class=\"elementor-button-content-wrapper\">\n\t\t\t\t\t\t\t\t\t<span class=\"elementor-button-text\">READ MORE<\/span>\n\t\t\t\t\t<\/span>\n\t\t\t\t\t<\/a>\n\t\t<\/div>\n\t\t\t\t<div class=\"e-load-more-message\"><\/div>\n\t\t\t\t\t\t<\/div>\n\t\t\t\t<\/div>\n\t\t\t\t\t<\/div>\n\t\t\t\t<\/div>\n\t\t\t\t<\/div>","protected":false},"excerpt":{"rendered":"<p>Sobre Autismo Qu\u00e9 es el TEA: Los trastornos del espectro autista (TEA) son un grupo de afecciones diversas manifestados en importantes desaf\u00edos sociales, de comunicaci\u00f3n, m\u00e9dicos y de comportamiento. Debido a que el autismo es un trastorno del espectro, la combinaci\u00f3n de s\u00edntomas y su nivel de gravedad var\u00eda de persona a persona. \u00bfCu\u00e1les son [&hellip;]<\/p>","protected":false},"author":1,"featured_media":0,"parent":0,"menu_order":0,"comment_status":"closed","ping_status":"closed","template":"elementor_header_footer","meta":{"_acf_changed":false,"footnotes":""},"class_list":["post-52","page","type-page","status-publish","hentry"],"acf":[],"_links":{"self":[{"href":"https:\/\/hopeforautism.com.do\/en\/wp-json\/wp\/v2\/pages\/52"}],"collection":[{"href":"https:\/\/hopeforautism.com.do\/en\/wp-json\/wp\/v2\/pages"}],"about":[{"href":"https:\/\/hopeforautism.com.do\/en\/wp-json\/wp\/v2\/types\/page"}],"author":[{"embeddable":true,"href":"https:\/\/hopeforautism.com.do\/en\/wp-json\/wp\/v2\/users\/1"}],"replies":[{"embeddable":true,"href":"https:\/\/hopeforautism.com.do\/en\/wp-json\/wp\/v2\/comments?post=52"}],"version-history":[{"count":58,"href":"https:\/\/hopeforautism.com.do\/en\/wp-json\/wp\/v2\/pages\/52\/revisions"}],"predecessor-version":[{"id":1502,"href":"https:\/\/hopeforautism.com.do\/en\/wp-json\/wp\/v2\/pages\/52\/revisions\/1502"}],"wp:attachment":[{"href":"https:\/\/hopeforautism.com.do\/en\/wp-json\/wp\/v2\/media?parent=52"}],"curies":[{"name":"wp","href":"https:\/\/api.w.org\/{rel}","templated":true}]}}