{"id":39,"date":"2024-10-22T15:52:44","date_gmt":"2024-10-22T15:52:44","guid":{"rendered":"http:\/\/hopeforautism.com.do\/?page_id=39"},"modified":"2025-01-27T14:29:34","modified_gmt":"2025-01-27T14:29:34","slug":"eventos","status":"publish","type":"page","link":"https:\/\/hopeforautism.com.do\/en\/eventos\/","title":{"rendered":"Events"},"content":{"rendered":"<div data-elementor-type=\"wp-page\" data-elementor-id=\"39\" class=\"elementor elementor-39\" data-elementor-post-type=\"page\">\n\t\t\t\t<div class=\"elementor-element elementor-element-327b23c e-con-full e-flex e-con e-parent\" data-id=\"327b23c\" data-element_type=\"container\" data-settings=\"{&quot;background_background&quot;:&quot;classic&quot;}\">\n\t\t\t\t<div class=\"elementor-element elementor-element-1fb499c elementor-widget elementor-widget-heading\" data-id=\"1fb499c\" data-element_type=\"widget\" data-widget_type=\"heading.default\">\n\t\t\t\t<div class=\"elementor-widget-container\">\n\t\t\t\t\t<h2 class=\"elementor-heading-title elementor-size-default\">Events<\/h2>\t\t\t\t<\/div>\n\t\t\t\t<\/div>\n\t\t\t\t<\/div>\n\t\t<div class=\"elementor-element elementor-element-a708a2a e-flex e-con-boxed e-con e-parent\" data-id=\"a708a2a\" data-element_type=\"container\">\n\t\t\t\t\t<div class=\"e-con-inner\">\n\t\t\t\t<div class=\"elementor-element elementor-element-ec1c48a elementor-widget__width-initial elementor-widget elementor-widget-text-editor\" data-id=\"ec1c48a\" data-element_type=\"widget\" data-widget_type=\"text-editor.default\">\n\t\t\t\t<div class=\"elementor-widget-container\">\n\t\t\t\t\t\t\t\t\t<p>Discover our podcast on autism! Learn empod\u00e9rate and join the conversation to promote inclusion and understanding.<\/p>\t\t\t\t\t\t\t\t<\/div>\n\t\t\t\t<\/div>\n\t\t<div class=\"elementor-element elementor-element-3a1dd92 e-con-full e-flex e-con e-child\" data-id=\"3a1dd92\" data-element_type=\"container\">\n\t\t\t\t<div class=\"elementor-element elementor-element-6c7cc2d elementor-grid-3 elementor-grid-tablet-3 elementor-grid-mobile-1 elementor-widget elementor-widget-loop-grid\" data-id=\"6c7cc2d\" data-element_type=\"widget\" data-settings=\"{&quot;template_id&quot;:1431,&quot;columns&quot;:3,&quot;pagination_type&quot;:&quot;load_more_on_click&quot;,&quot;columns_tablet&quot;:3,&quot;_skin&quot;:&quot;post&quot;,&quot;columns_mobile&quot;:&quot;1&quot;,&quot;edit_handle_selector&quot;:&quot;[data-elementor-type=\\&quot;loop-item\\&quot;]&quot;,&quot;load_more_spinner&quot;:{&quot;value&quot;:&quot;fas fa-spinner&quot;,&quot;library&quot;:&quot;fa-solid&quot;},&quot;row_gap&quot;:{&quot;unit&quot;:&quot;px&quot;,&quot;size&quot;:&quot;&quot;,&quot;sizes&quot;:[]},&quot;row_gap_tablet&quot;:{&quot;unit&quot;:&quot;px&quot;,&quot;size&quot;:&quot;&quot;,&quot;sizes&quot;:[]},&quot;row_gap_mobile&quot;:{&quot;unit&quot;:&quot;px&quot;,&quot;size&quot;:&quot;&quot;,&quot;sizes&quot;:[]}}\" data-widget_type=\"loop-grid.post\">\n\t\t\t\t<div class=\"elementor-widget-container\">\n\t\t\t\t\t\t\t<div class=\"elementor-loop-container elementor-grid\">\n\t\t<style id=\"loop-1431\">.elementor-1431 .elementor-element.elementor-element-58cc87c{--display:flex;--z-index:1;}.elementor-widget-image .widget-image-caption{color:var( --e-global-color-text );font-family:var( --e-global-typography-text-font-family ), Sans-serif;font-weight:var( --e-global-typography-text-font-weight );}.elementor-widget-icon.elementor-view-stacked .elementor-icon{background-color:var( --e-global-color-primary );}.elementor-widget-icon.elementor-view-framed .elementor-icon, .elementor-widget-icon.elementor-view-default .elementor-icon{color:var( --e-global-color-primary );border-color:var( --e-global-color-primary );}.elementor-widget-icon.elementor-view-framed .elementor-icon, .elementor-widget-icon.elementor-view-default .elementor-icon svg{fill:var( --e-global-color-primary );}.elementor-1431 .elementor-element.elementor-element-b9ce57f > .elementor-widget-container{margin:-195px 0px 0px 0px;padding:0px 0px 0px 0px;}.elementor-1431 .elementor-element.elementor-element-b9ce57f{z-index:1;}.elementor-1431 .elementor-element.elementor-element-b9ce57f .elementor-icon-wrapper{text-align:center;}.elementor-widget-text-editor{font-family:var( --e-global-typography-text-font-family ), Sans-serif;font-weight:var( --e-global-typography-text-font-weight );color:var( --e-global-color-text );}.elementor-widget-text-editor.elementor-drop-cap-view-stacked .elementor-drop-cap{background-color:var( --e-global-color-primary );}.elementor-widget-text-editor.elementor-drop-cap-view-framed .elementor-drop-cap, .elementor-widget-text-editor.elementor-drop-cap-view-default .elementor-drop-cap{color:var( --e-global-color-primary );border-color:var( --e-global-color-primary );}.elementor-1431 .elementor-element.elementor-element-152af8a{width:var( --container-widget-width, 93% );max-width:93%;--container-widget-width:93%;--container-widget-flex-grow:0;text-align:center;font-family:\"GothamBold\", Sans-serif;font-size:20px;font-weight:400;color:#A675A1;}.elementor-1431 .elementor-element.elementor-element-152af8a > .elementor-widget-container{margin:-15px 0px 0px 0px;}.elementor-1431 .elementor-element.elementor-element-152af8a.elementor-element{--align-self:center;}@media(max-width:1024px){.elementor-1431 .elementor-element.elementor-element-b9ce57f > .elementor-widget-container{margin:-140px 0px 0px 0px;}}@media(max-width:767px){.elementor-1431 .elementor-element.elementor-element-152af8a{font-size:15px;}}<\/style>\t\t<div data-elementor-type=\"loop-item\" data-elementor-id=\"1431\" class=\"elementor elementor-1431 e-loop-item e-loop-item-1460 post-1460 video type-video status-publish hentry\" data-elementor-post-type=\"elementor_library\" data-custom-edit-handle=\"1\">\n\t\t\t<div class=\"elementor-element elementor-element-58cc87c e-con-full e-flex e-con e-child\" data-id=\"58cc87c\" data-element_type=\"container\">\n\t\t\t\t<div class=\"elementor-element elementor-element-1b856fb elementor-widget elementor-widget-image\" data-id=\"1b856fb\" data-element_type=\"widget\" data-widget_type=\"image.default\">\n\t\t\t\t<div class=\"elementor-widget-container\">\n\t\t\t\t\t\t\t\t\t\t\t\t\t\t\t\t<a href=\"https:\/\/www.youtube.com\/watch?v=OZi2rstHn-k\" target=\"_blank\">\n\t\t\t\t\t\t\t<img fetchpriority=\"high\" decoding=\"async\" width=\"492\" height=\"327\" src=\"https:\/\/hopeforautism.com.do\/wp-content\/uploads\/2025\/01\/Screenshot-2024-10-16-at-9.24.50-AM-1.png\" class=\"attachment-large size-large wp-image-1458\" alt=\"\" srcset=\"https:\/\/hopeforautism.com.do\/wp-content\/uploads\/2025\/01\/Screenshot-2024-10-16-at-9.24.50-AM-1.png 492w, https:\/\/hopeforautism.com.do\/wp-content\/uploads\/2025\/01\/Screenshot-2024-10-16-at-9.24.50-AM-1-300x199.png 300w, https:\/\/hopeforautism.com.do\/wp-content\/uploads\/2025\/01\/Screenshot-2024-10-16-at-9.24.50-AM-1-18x12.png 18w\" sizes=\"(max-width: 492px) 100vw, 492px\" \/>\t\t\t\t\t\t\t\t<\/a>\n\t\t\t\t\t\t\t\t\t\t\t\t\t\t\t<\/div>\n\t\t\t\t<\/div>\n\t\t\t\t<div class=\"elementor-element elementor-element-b9ce57f elementor-view-default elementor-widget elementor-widget-icon\" data-id=\"b9ce57f\" data-element_type=\"widget\" data-widget_type=\"icon.default\">\n\t\t\t\t<div class=\"elementor-widget-container\">\n\t\t\t\t\t\t\t<div class=\"elementor-icon-wrapper\">\n\t\t\t<a class=\"elementor-icon\" href=\"https:\/\/www.youtube.com\/watch?v=OZi2rstHn-k\" target=\"_blank\">\n\t\t\t<svg xmlns=\"http:\/\/www.w3.org\/2000\/svg\" width=\"47\" height=\"48\" viewbox=\"0 0 47 48\" fill=\"none\"><path d=\"M43.8226 28.5746C44.5653 27.9998 45.1664 27.2626 45.58 26.4195C45.9936 25.5764 46.2087 24.6498 46.2087 23.7107C46.2087 22.7717 45.9936 21.8451 45.58 21.002C45.1664 20.1589 44.5653 19.4217 43.8226 18.8469C34.2046 11.4073 23.4663 5.54219 12.0088 1.47058L9.91375 0.726242C5.90975 -0.695049 1.67796 2.01278 1.13575 6.14833C-0.378583 17.8076 -0.378583 29.6138 1.13575 41.2732C1.68117 45.4087 5.90975 48.1165 9.91375 46.6952L12.0088 45.9509C23.4663 41.8793 34.2046 36.0142 43.8226 28.5746Z\" fill=\"#FDBE03\"><\/path><\/svg>\t\t\t<\/a>\n\t\t<\/div>\n\t\t\t\t\t\t<\/div>\n\t\t\t\t<\/div>\n\t\t\t\t<div class=\"elementor-element elementor-element-152af8a elementor-widget__width-initial elementor-widget elementor-widget-text-editor\" data-id=\"152af8a\" data-element_type=\"widget\" data-widget_type=\"text-editor.default\">\n\t\t\t\t<div class=\"elementor-widget-container\">\n\t\t\t\t\t\t\t\t\tEpisode 3: The Impact of gastrointestinal health in autism\t\t\t\t\t\t\t\t<\/div>\n\t\t\t\t<\/div>\n\t\t\t\t<\/div>\n\t\t\t\t<\/div>\n\t\t\t\t<div data-elementor-type=\"loop-item\" data-elementor-id=\"1431\" class=\"elementor elementor-1431 e-loop-item e-loop-item-1457 post-1457 video type-video status-publish hentry\" data-elementor-post-type=\"elementor_library\" data-custom-edit-handle=\"1\">\n\t\t\t<div class=\"elementor-element elementor-element-58cc87c e-con-full e-flex e-con e-child\" data-id=\"58cc87c\" data-element_type=\"container\">\n\t\t\t\t<div class=\"elementor-element elementor-element-1b856fb elementor-widget elementor-widget-image\" data-id=\"1b856fb\" data-element_type=\"widget\" data-widget_type=\"image.default\">\n\t\t\t\t<div class=\"elementor-widget-container\">\n\t\t\t\t\t\t\t\t\t\t\t\t\t\t\t\t<a href=\"https:\/\/www.youtube.com\/watch?v=jxfk-2Uivls\" target=\"_blank\">\n\t\t\t\t\t\t\t<img decoding=\"async\" width=\"491\" height=\"327\" src=\"https:\/\/hopeforautism.com.do\/wp-content\/uploads\/2025\/01\/Screenshot-2024-10-16-at-9.23.04-AM-1.png\" class=\"attachment-large size-large wp-image-1459\" alt=\"\" srcset=\"https:\/\/hopeforautism.com.do\/wp-content\/uploads\/2025\/01\/Screenshot-2024-10-16-at-9.23.04-AM-1.png 491w, https:\/\/hopeforautism.com.do\/wp-content\/uploads\/2025\/01\/Screenshot-2024-10-16-at-9.23.04-AM-1-300x200.png 300w, https:\/\/hopeforautism.com.do\/wp-content\/uploads\/2025\/01\/Screenshot-2024-10-16-at-9.23.04-AM-1-18x12.png 18w\" sizes=\"(max-width: 491px) 100vw, 491px\" \/>\t\t\t\t\t\t\t\t<\/a>\n\t\t\t\t\t\t\t\t\t\t\t\t\t\t\t<\/div>\n\t\t\t\t<\/div>\n\t\t\t\t<div class=\"elementor-element elementor-element-b9ce57f elementor-view-default elementor-widget elementor-widget-icon\" data-id=\"b9ce57f\" data-element_type=\"widget\" data-widget_type=\"icon.default\">\n\t\t\t\t<div class=\"elementor-widget-container\">\n\t\t\t\t\t\t\t<div class=\"elementor-icon-wrapper\">\n\t\t\t<a class=\"elementor-icon\" href=\"https:\/\/www.youtube.com\/watch?v=jxfk-2Uivls\" target=\"_blank\">\n\t\t\t<svg xmlns=\"http:\/\/www.w3.org\/2000\/svg\" width=\"47\" height=\"48\" viewbox=\"0 0 47 48\" fill=\"none\"><path d=\"M43.8226 28.5746C44.5653 27.9998 45.1664 27.2626 45.58 26.4195C45.9936 25.5764 46.2087 24.6498 46.2087 23.7107C46.2087 22.7717 45.9936 21.8451 45.58 21.002C45.1664 20.1589 44.5653 19.4217 43.8226 18.8469C34.2046 11.4073 23.4663 5.54219 12.0088 1.47058L9.91375 0.726242C5.90975 -0.695049 1.67796 2.01278 1.13575 6.14833C-0.378583 17.8076 -0.378583 29.6138 1.13575 41.2732C1.68117 45.4087 5.90975 48.1165 9.91375 46.6952L12.0088 45.9509C23.4663 41.8793 34.2046 36.0142 43.8226 28.5746Z\" fill=\"#FDBE03\"><\/path><\/svg>\t\t\t<\/a>\n\t\t<\/div>\n\t\t\t\t\t\t<\/div>\n\t\t\t\t<\/div>\n\t\t\t\t<div class=\"elementor-element elementor-element-152af8a elementor-widget__width-initial elementor-widget elementor-widget-text-editor\" data-id=\"152af8a\" data-element_type=\"widget\" data-widget_type=\"text-editor.default\">\n\t\t\t\t<div class=\"elementor-widget-container\">\n\t\t\t\t\t\t\t\t\tEpisode 2: The Integral Approach in Autism and its Impact\t\t\t\t\t\t\t\t<\/div>\n\t\t\t\t<\/div>\n\t\t\t\t<\/div>\n\t\t\t\t<\/div>\n\t\t\t\t<div data-elementor-type=\"loop-item\" data-elementor-id=\"1431\" class=\"elementor elementor-1431 e-loop-item e-loop-item-1449 post-1449 video type-video status-publish hentry\" data-elementor-post-type=\"elementor_library\" data-custom-edit-handle=\"1\">\n\t\t\t<div class=\"elementor-element elementor-element-58cc87c e-con-full e-flex e-con e-child\" data-id=\"58cc87c\" data-element_type=\"container\">\n\t\t\t\t<div class=\"elementor-element elementor-element-1b856fb elementor-widget elementor-widget-image\" data-id=\"1b856fb\" data-element_type=\"widget\" data-widget_type=\"image.default\">\n\t\t\t\t<div class=\"elementor-widget-container\">\n\t\t\t\t\t\t\t\t\t\t\t\t\t\t\t\t<a href=\"https:\/\/www.youtube.com\/watch?v=8HVQc_3_Ly4&#038;pp=ygVMRXBpc29kaW8gMSAtIExhIEZhbWlsaWE6IFBpZXphIEZ1bmRhbWVudGFsIHBhcmEgZWwgQWJvcmRhamUgSW50ZWdyYWwgZGVsIFRFQQ%3D%3D\" target=\"_blank\">\n\t\t\t\t\t\t\t<img decoding=\"async\" width=\"492\" height=\"327\" src=\"https:\/\/hopeforautism.com.do\/wp-content\/uploads\/2024\/10\/Screenshot-2024-10-16-at-9.21.35-AM-1.png\" class=\"attachment-large size-large wp-image-415\" alt=\"\" srcset=\"https:\/\/hopeforautism.com.do\/wp-content\/uploads\/2024\/10\/Screenshot-2024-10-16-at-9.21.35-AM-1.png 492w, https:\/\/hopeforautism.com.do\/wp-content\/uploads\/2024\/10\/Screenshot-2024-10-16-at-9.21.35-AM-1-300x199.png 300w, https:\/\/hopeforautism.com.do\/wp-content\/uploads\/2024\/10\/Screenshot-2024-10-16-at-9.21.35-AM-1-18x12.png 18w\" sizes=\"(max-width: 492px) 100vw, 492px\" \/>\t\t\t\t\t\t\t\t<\/a>\n\t\t\t\t\t\t\t\t\t\t\t\t\t\t\t<\/div>\n\t\t\t\t<\/div>\n\t\t\t\t<div class=\"elementor-element elementor-element-b9ce57f elementor-view-default elementor-widget elementor-widget-icon\" data-id=\"b9ce57f\" data-element_type=\"widget\" data-widget_type=\"icon.default\">\n\t\t\t\t<div class=\"elementor-widget-container\">\n\t\t\t\t\t\t\t<div class=\"elementor-icon-wrapper\">\n\t\t\t<a class=\"elementor-icon\" href=\"https:\/\/www.youtube.com\/watch?v=8HVQc_3_Ly4&#038;pp=ygVMRXBpc29kaW8gMSAtIExhIEZhbWlsaWE6IFBpZXphIEZ1bmRhbWVudGFsIHBhcmEgZWwgQWJvcmRhamUgSW50ZWdyYWwgZGVsIFRFQQ%3D%3D\" target=\"_blank\">\n\t\t\t<svg xmlns=\"http:\/\/www.w3.org\/2000\/svg\" width=\"47\" height=\"48\" viewbox=\"0 0 47 48\" fill=\"none\"><path d=\"M43.8226 28.5746C44.5653 27.9998 45.1664 27.2626 45.58 26.4195C45.9936 25.5764 46.2087 24.6498 46.2087 23.7107C46.2087 22.7717 45.9936 21.8451 45.58 21.002C45.1664 20.1589 44.5653 19.4217 43.8226 18.8469C34.2046 11.4073 23.4663 5.54219 12.0088 1.47058L9.91375 0.726242C5.90975 -0.695049 1.67796 2.01278 1.13575 6.14833C-0.378583 17.8076 -0.378583 29.6138 1.13575 41.2732C1.68117 45.4087 5.90975 48.1165 9.91375 46.6952L12.0088 45.9509C23.4663 41.8793 34.2046 36.0142 43.8226 28.5746Z\" fill=\"#FDBE03\"><\/path><\/svg>\t\t\t<\/a>\n\t\t<\/div>\n\t\t\t\t\t\t<\/div>\n\t\t\t\t<\/div>\n\t\t\t\t<div class=\"elementor-element elementor-element-152af8a elementor-widget__width-initial elementor-widget elementor-widget-text-editor\" data-id=\"152af8a\" data-element_type=\"widget\" data-widget_type=\"text-editor.default\">\n\t\t\t\t<div class=\"elementor-widget-container\">\n\t\t\t\t\t\t\t\t\tEpisodio 1 \u2013 La Familia: Pieza Fundamental para el Abordaje Integral del TEA\t\t\t\t\t\t\t\t<\/div>\n\t\t\t\t<\/div>\n\t\t\t\t<\/div>\n\t\t\t\t<\/div>\n\t\t\t\t<\/div>\n\t\t\t\t\t<span class=\"e-load-more-spinner\">\n\t\t\t\t<svg aria-hidden=\"true\" class=\"e-font-icon-svg e-fas-spinner\" viewbox=\"0 0 512 512\" xmlns=\"http:\/\/www.w3.org\/2000\/svg\"><path d=\"M304 48c0 26.51-21.49 48-48 48s-48-21.49-48-48 21.49-48 48-48 48 21.49 48 48zm-48 368c-26.51 0-48 21.49-48 48s21.49 48 48 48 48-21.49 48-48-21.49-48-48-48zm208-208c-26.51 0-48 21.49-48 48s21.49 48 48 48 48-21.49 48-48-21.49-48-48-48zM96 256c0-26.51-21.49-48-48-48S0 229.49 0 256s21.49 48 48 48 48-21.49 48-48zm12.922 99.078c-26.51 0-48 21.49-48 48s21.49 48 48 48 48-21.49 48-48c0-26.509-21.491-48-48-48zm294.156 0c-26.51 0-48 21.49-48 48s21.49 48 48 48 48-21.49 48-48c0-26.509-21.49-48-48-48zM108.922 60.922c-26.51 0-48 21.49-48 48s21.49 48 48 48 48-21.49 48-48-21.491-48-48-48z\"><\/path><\/svg>\t\t\t<\/span>\n\t\t\n\t\t\t\t\t\t<\/div>\n\t\t\t\t<\/div>\n\t\t\t\t<\/div>\n\t\t\t\t\t<\/div>\n\t\t\t\t<\/div>\n\t\t<div class=\"elementor-element elementor-element-66e0b64 e-flex e-con-boxed e-con e-parent\" data-id=\"66e0b64\" data-element_type=\"container\" data-settings=\"{&quot;background_background&quot;:&quot;classic&quot;}\">\n\t\t\t\t\t<div class=\"e-con-inner\">\n\t\t<div class=\"elementor-element elementor-element-a8ab7c5 e-con-full e-flex e-con e-child\" data-id=\"a8ab7c5\" data-element_type=\"container\">\n\t\t\t\t<div class=\"elementor-element elementor-element-351fe10 elementor-widget elementor-widget-html\" data-id=\"351fe10\" data-element_type=\"widget\" data-widget_type=\"html.default\">\n\t\t\t\t<div class=\"elementor-widget-container\">\n\t\t\t\t\t<style>\r\n    \r\n    \/* Texto superior *\/\r\n    .text-upper {\r\n      position: absolute;\r\n      top: 0;\r\n      left: 0;\r\n      right: 0;\r\n      display: flex;\r\n      justify-content: center;\r\n      gap: 20px;\r\n      padding-top: 15px;\r\n    }\r\n    \r\n    .text-upper span {\r\n      color: #1F2D50;\r\n      font-family: 'Presti-Display-Black', Arial, sans-serif;\r\n      font-size: 24px;\r\n      font-weight: 700;\r\n      letter-spacing: 1px;\r\n      text-transform: uppercase;\r\n    }\r\n    \r\n    \/* Texto inferior *\/\r\n    .text-lower {\r\n      position: absolute;\r\n      bottom: 20px;\r\n      left: 0;\r\n      right: 0;\r\n      display: flex;\r\n      justify-content: center;\r\n      gap: 25px;\r\n    }\r\n    \r\n    .text-lower span {\r\n      color: white;\r\n      font-family: 'Presti-Display-Black', Arial, sans-serif;\r\n      font-size: 50px;\r\n      font-weight: 600;\r\n      letter-spacing: 0.5px;\r\n      text-transform: uppercase;\r\n    }\r\n    \r\n    \/* Ajustes espec\u00edficos para el espaciado del texto *\/\r\n    .text-upper span:first-child {\r\n      margin-right: 10px;\r\n    }\r\n    \r\n    .text-lower span:first-child {\r\n      margin-right: 15px;\r\n    }\r\n    \r\n    \/* Media queries para responsividad *\/\r\n    @media (max-width: 768px) {\r\n    .text-top {\r\n        color: #1F2D50 !important;\r\n        font-family: 'Presti-Display-Semibold', serif !important;\r\n        font-size: 30px !important;\r\n        line-height: 1.2 !important;\r\n        position: relative !important;\r\n        z-index: 2 !important;\r\n    }\r\n\r\n    .text-bottom span {\r\n        color: white !important;\r\n        font-family: 'Presti-Display-Black', serif !important;\r\n        font-size: 30px !important;\r\n        font-weight: 800 !important;\r\n        line-height: 1 !important;\r\n    }\r\n\r\n    .yellow-underline {\r\n        position: absolute !important;\r\n        bottom: -2px !important;\r\n                left: 75px !important;\r\n        width: 130px !important;\r\n        height: 8px !important;\r\n        background: #A675A1 !important;\r\n        z-index: 1 !important;\r\n        border-radius: 50px !important;\r\n    }\r\n}\r\n    \r\n    .text-line {\r\n      position: relative;\r\n      display: inline-block;\r\n    }\r\n    \r\n    .text-dark {\r\n      color: #2D2D2D;\r\n      font-family: 'Presti-Display-Black', serif;\r\n      font-size: 48px;\r\n      font-weight: 500;\r\n      line-height: 1.2;\r\n      margin-right: 15px;\r\n    }\r\n    \r\n    .yellow-underline {\r\n      position: absolute;\r\n      bottom: 5px;\r\n      right: 0;\r\n      width: 60%;\r\n      height: 8px;\r\n      background: #A675A1;\r\n      z-index: 0;\r\n    }\r\n    \r\n    .text-bottom span {\r\n      color: white;\r\n      font-family: 'Presti-Display-Black', serif;\r\n      font-size: 50px;\r\n      font-weight: 800;\r\n      line-height: 1;\r\n    }\r\n    \r\n  \r\n    \r\n    .logo-wrapper {\r\n      padding: 20px;\r\n    \r\n    }\r\n    \r\n    .text-line {\r\n      position: relative;\r\n      display: inline-block;\r\n    }\r\n    \r\n    .text-top {\r\n      color: #1F2D50; \/* Color azul marino espec\u00edfico *\/\r\n      font-family: 'Presti-Display-Semibold', serif;\r\n      font-size: 48px;\r\n      line-height: 1.2;\r\n      position: relative;\r\n      z-index: 2; \/* Para asegurar que el texto est\u00e9 sobre la l\u00ednea amarilla *\/\r\n    }\r\n    \r\n.yellow-underline {\r\n    position: absolute;\r\n    bottom: -2px;\r\n    left: 143px;\r\n    width: 242px;\r\n    height: 8px;\r\n    background: #A675A1;\r\n    z-index: 1;\r\n    border-radius: 50px;\r\n}\r\n    <\/style>\r\n    \r\n    \r\n    \r\n    <div class=\"logo-wrapper\">\r\n        <div class=\"text-line\">\r\n          <span class=\"text-top\">Have patience<\/span>\r\n          <div class=\"yellow-underline\"><\/div>\r\n        <\/div>\r\n        <div class=\"text-bottom\">\r\n          <span>it also helps.<\/span>\r\n        <\/div>\r\n      <\/div>\t\t\t\t<\/div>\n\t\t\t\t<\/div>\n\t\t\t\t<div class=\"elementor-element elementor-element-4c7fa3a elementor-tablet-align-left elementor-widget elementor-widget-button\" data-id=\"4c7fa3a\" data-element_type=\"widget\" data-widget_type=\"button.default\">\n\t\t\t\t<div class=\"elementor-widget-container\">\n\t\t\t\t\t\t\t\t\t<div class=\"elementor-button-wrapper\">\n\t\t\t\t\t<a class=\"elementor-button elementor-button-link elementor-size-sm\" href=\"https:\/\/hopeforautism.com.do\/en\/#ayuda\">\n\t\t\t\t\t\t<span class=\"elementor-button-content-wrapper\">\n\t\t\t\t\t\t\t\t\t<span class=\"elementor-button-text\">Donate<\/span>\n\t\t\t\t\t<\/span>\n\t\t\t\t\t<\/a>\n\t\t\t\t<\/div>\n\t\t\t\t\t\t\t\t<\/div>\n\t\t\t\t<\/div>\n\t\t\t\t<\/div>\n\t\t<div class=\"elementor-element elementor-element-f56f5ae e-con-full elementor-hidden-mobile e-flex e-con e-child\" data-id=\"f56f5ae\" data-element_type=\"container\">\n\t\t\t\t<\/div>\n\t\t\t\t\t<\/div>\n\t\t\t\t<\/div>\n\t\t\t\t<\/div>","protected":false},"excerpt":{"rendered":"<p>Eventos \u00a1Descubre nuestro podcast sobre el autismo! Inf\u00f3rmate, empod\u00e9rate y \u00fanete a la conversaci\u00f3n para fomentar la inclusi\u00f3n y la comprensi\u00f3n. Tener paciencia tambi\u00e9n ayuda. Donar<\/p>","protected":false},"author":1,"featured_media":0,"parent":0,"menu_order":0,"comment_status":"closed","ping_status":"closed","template":"elementor_header_footer","meta":{"_acf_changed":false,"footnotes":""},"class_list":["post-39","page","type-page","status-publish","hentry"],"acf":[],"_links":{"self":[{"href":"https:\/\/hopeforautism.com.do\/en\/wp-json\/wp\/v2\/pages\/39"}],"collection":[{"href":"https:\/\/hopeforautism.com.do\/en\/wp-json\/wp\/v2\/pages"}],"about":[{"href":"https:\/\/hopeforautism.com.do\/en\/wp-json\/wp\/v2\/types\/page"}],"author":[{"embeddable":true,"href":"https:\/\/hopeforautism.com.do\/en\/wp-json\/wp\/v2\/users\/1"}],"replies":[{"embeddable":true,"href":"https:\/\/hopeforautism.com.do\/en\/wp-json\/wp\/v2\/comments?post=39"}],"version-history":[{"count":175,"href":"https:\/\/hopeforautism.com.do\/en\/wp-json\/wp\/v2\/pages\/39\/revisions"}],"predecessor-version":[{"id":1469,"href":"https:\/\/hopeforautism.com.do\/en\/wp-json\/wp\/v2\/pages\/39\/revisions\/1469"}],"wp:attachment":[{"href":"https:\/\/hopeforautism.com.do\/en\/wp-json\/wp\/v2\/media?parent=39"}],"curies":[{"name":"wp","href":"https:\/\/api.w.org\/{rel}","templated":true}]}}